{"id":149,"date":"2013-11-22T10:12:00","date_gmt":"2013-11-22T10:12:00","guid":{"rendered":"http:\/\/themes.goodlayers2.com\/flawless\/?page_id=149"},"modified":"2018-07-27T19:11:01","modified_gmt":"2018-07-27T17:11:01","slug":"haeufige-fragen","status":"publish","type":"page","link":"https:\/\/www.absolventenakademie.at\/index.php\/kurse\/haeufige-fragen\/","title":{"rendered":"H\u00e4ufige Fragen"},"content":{"rendered":"<h3 class=\"gdlr-heading-shortcode \"  style=\"font-size: 22px;font-weight: normal;\" ><\/h3>\n<div class=\"clear\"><\/div><div class=\"gdlr-space\" style=\"margin-top: 20px;\"><\/div>\n<div class=\"gdlr-shortcode-wrapper\"><div class=\"gdlr-item gdlr-accordion-item gdlr-multiple-tab style-1\"  ><div class=\"accordion-tab active pre-active\" ><h4 class=\"accordion-title\" ><i class=\"fa fa-minus icon-minus\" ><\/i><span>Warum ziert die blau-gr\u00fcne Silhouette eines Olivenbaums das Logo der ABSOLVENTENAKADEMIE?<\/span><\/h4><div class=\"accordion-content\"><p>Der Olivenbaum stellt als eine der \u00e4ltesten Kulturpflanzen Europas ein traditionelles Symbol f\u00fcr Gesundheit, Verst\u00e4ndigung und inneren Frieden sowie St\u00e4rke und Geisteskraft dar. Genau diese Werte werden in den Trainingskursen der ABSOLVENTENAKADEMIE gelebt!<br \/>\nFerner geht unser Namensbestandteil &#8222;-AKADEMIE&#8220; auf die von Platon gegr\u00fcndete antike Philosophenschule in Athen zur\u00fcck, deren Garten voll Olivenb\u00e4umen nach dem Heros Akademos benannt wurde. Die ABSOLVENTENAKADEMIE sieht sich auch in diesem Sinne wissenschaftlich-akademischer Tradition verpflichtet &#8211; Einer (Weiter-) Bildung, die sogar <strong>Spa\u00df<\/strong> machen darf!<\/p>\n<\/div><\/div><div class=\"accordion-tab\" ><h4 class=\"accordion-title\" ><i class=\"fa fa-plus icon-plus\" ><\/i><span>Wieso hei\u00dft die ABSOLVENTENAKADEMIE eigentlich Absolventenakademie?<\/span><\/h4><div class=\"accordion-content\"><p>Die ABSOLVENTENAKADEMIE wendet sich als <strong>erstes<\/strong> privates Trainingsinstitut gezielt an junge Hochschulabsolventen\/innen. Oft wurden Sie f\u00f6rmlich durch Ihr Studium getrieben (Stichwort: Bologna-Reform), st\u00e4ndig mit dem von au\u00dfen auferlegten Anspruch m\u00f6glichst schnell, effizient, mit Bestnoten, 2 Auslandsaufenthalten, 3 Praktika und 4 Zusatzqualifikationen abzuschlie\u00dfen, um sich dann umgehend auf der (vermeintlichen) Karriereleiter herumkletternd die Kosten und M\u00fchen hierf\u00fcr &#8222;zur\u00fcckerstatten&#8220; zu lassen. Ob dies von den Eltern, der Wirtschaft oder dem ersten Studiengruppentreffen nach 5 Jahren so erwartet wird oder nicht: Zumeist bleiben Selbstfindung, Familie, Ausprobieren, den eigenen Weg gehen, usw. hierbei auf der Strecke!<br \/>\nDie ABSOLVENTENAKADEMIE versucht, die L\u00fccke der sog. &#8222;Quarter Life Crises&#8220; nach dem ersten Hochschulabschluss bis nach den ersten Jahren einer Joberfahrung auf akademischem Niveau auszuf\u00fcllen; dieser Lebensabschnitt eines jungen Menschen ist nur kurz (aber f\u00fcr diesen wie die Gesellschaft einen der wichtigsten) und stellt oft <strong>die<\/strong> entscheidenden Weichen &#8211; ob beruflich, pers\u00f6nlich oder privat!<\/p>\n<\/div><\/div><div class=\"accordion-tab\" ><h4 class=\"accordion-title\" ><i class=\"fa fa-plus icon-plus\" ><\/i><span>Warum helfen mir nicht die Career Center meiner Hochschule oder das AMS wenigstens  in beruflichen Belangen weiter?<\/span><\/h4><div class=\"accordion-content\"><p>Die Career Center und das Arbeitsmarktservice sind (wie deren Name schon verr\u00e4t) allein darauf ausgerichtet, Sie auf dem sog. &#8222;Ersten Arbeitsmarkt&#8220; unterzubringen und m\u00f6glichst bald Ihre Arbeitskarriere einzuleiten. Die ABSOLVENTENAKADEMIE ist zum einen (auch, aber) nicht nur allein auf Ihre Erwerbst\u00e4tigkeit ausgerichtet sondern ber\u00fccksichtigt Ihren pers\u00f6nlichen Erfolg, Ihr privates Gl\u00fcck, Ihre individuelle Selbstverwirklichung etc. Obwohl die ABSOLVENTENAKADEMIE in st\u00e4ndigem Kontakt mit den hochschulischen Career Centern wie dem Arbeitsmarktservice steht, ist selbst unser berufsbezogener Fokus ein anderer: Wir helfen Ihnen herauszufinden, welcher Job \u00fcberhaupt zu Ihnen passen k\u00f6nnte, wo (versteckte) Talente schlummern und wie Sie alle Ihre St\u00e4rken sichtbar machen; das muss nicht zwingend auf Ihr Hochschulstudium bezogen sein! Bei uns lernen Sie weder den Aufbau des vermeintlich perfekten Bewerbungsschreibens noch den angeblich stilsicheren Dress Code f\u00fcr das Job Interview. Viel wichtiger ist es, erst f\u00fcr sich selbst zu definieren, wohin Sie beruflich wollen. Nur wenn Sie <strong>selbst \u00fcberzeugt<\/strong> sind, werden Sie authentisch bleiben und k\u00f6nnen andere \u00fcberzeugen!<\/p>\n<\/div><\/div><div class=\"accordion-tab\" ><h4 class=\"accordion-title\" ><i class=\"fa fa-plus icon-plus\" ><\/i><span>Warum bietet die ABSOLVENTENAKADEMIE vor allem Gruppentrainings an?<\/span><\/h4><div class=\"accordion-content\"><p><em>&#8222;Sage es mir, und ich vergesse es; zeige es mir, und ich erinnere mich; lass\u2018 es mich tun, und ich behalte es!&#8220; <\/em>(Konfuzius zugeschrieben).<br \/>\nNicht nur neuste andragogische Forschungen zeigen uns, dass Gelerntes am besten &#8222;h\u00e4ngenbleibt&#8220;, wenn es verkn\u00fcpft und aktiv angewendet wird. Sie kennen von der Uni sicher den Unterschied zwischen abstraktem Input und wirklichem Verst\u00e4ndnis f\u00fcr das Gemeinte! Auch f\u00e4llt es in einer Gruppe Gleichaltriger mit vergleichbarer Bildung in \u00e4hnlichen Lebenssituationen oftmals viel leichter, neue L\u00f6sungen f\u00fcr sich selbst zu finden. Unter Anleitung der\/s Trainers\/in \u00fcben Sie daher zusammen, lernen sich kennen und nehmen dabei genau das an Wissen, Kompetenz und Kontakten mit nach Hause, was Ihnen zusagt. Sie m\u00fcssen dazu kein ausgepr\u00e4gte\/r Teamplayer\/in sein und entscheiden zu jedem Zeitpunkt selbst, ob Sie der Gruppe etwas Pers\u00f6nliches anvertrauen m\u00f6chten oder nicht. Mit teuren &#8222;Ratgebern&#8220; in B\u00fccherform hingegen w\u00fcrden Sie Vieles davon einfach verpassen!<\/p>\n<\/div><\/div><div class=\"accordion-tab\" ><h4 class=\"accordion-title\" ><i class=\"fa fa-plus icon-plus\" ><\/i><span>Was mache ich, wenn ich nach oder vor Gruppentrainings das Bed\u00fcrfnis nach Einzelbetreuung versp\u00fcre?<\/span><\/h4><div class=\"accordion-content\"><p>Meist werfen unsere Gruppentrainings Fragen auf, die Sie sich bisher (noch) nicht gestellt haben. Dies zeigt, dass Sie sich mit der Materie besch\u00e4ftigen und an sich &#8222;heranlassen&#8220;! Gerne bieten wir Ihnen auf Anfrage an, Ihre speziellen Fragen auch <strong>einzeln <\/strong>mit Ihnen vor- oder nachzubereiten &#8211; nat\u00fcrlich absolut vertraulich!<\/p>\n<\/div><\/div><div class=\"accordion-tab\" ><h4 class=\"accordion-title\" ><i class=\"fa fa-plus icon-plus\" ><\/i><span>Welche Voraussetzungen sind f\u00fcr die Teilnahme an den Trainingskursen notwendig?<\/span><\/h4><div class=\"accordion-content\"><p>Sie verf\u00fcgen \u00fcber eine akademische Hochschulbildung gleich welcher Studienrichtung, beherrschen die deutsche Sprache und sind offen daf\u00fcr, f\u00fcr Ihr Leben etwas zu ver\u00e4ndern &#8211; Mehr braucht es nicht!<\/p>\n<\/div><\/div><div class=\"accordion-tab\" ><h4 class=\"accordion-title\" ><i class=\"fa fa-plus icon-plus\" ><\/i><span>Kann ich auch ohne formellen Hochschulabschluss an den Trainingskursen teilnehmen?<\/span><\/h4><div class=\"accordion-content\"><p>Die ABSOLVENTENAKADEMIE wendet sich an alle jungen Hochschulabsolventen\/innen auf ihrem Weg in den n\u00e4chsten Lebensabschnitt. Sollte Ihr Studium weit fortgeschritten sein, sich unmittelbar vor dem Abschluss befinden oder Sie dieses kurz zuvor abbrechen und sich anders orientieren wollen, dann sind Sie uns ebenso herzlich willkommen!<\/p>\n<\/div><\/div><div class=\"accordion-tab\" ><h4 class=\"accordion-title\" ><i class=\"fa fa-plus icon-plus\" ><\/i><span>Finden die Trainingskurse in einem therapeutischen Setting statt?<\/span><\/h4><div class=\"accordion-content\"><p>Die Trainingskurse der ABSOLVENTENAKADEMIE setzen die Reflexionskraft und psychische Gesundheit junger Hochschulabsolventen\/innen voraus. Sollten Sie Schwierigkeiten in der pers\u00f6nlichen Lebensplanung haben, mit Ihrer jetzigen Situation unzufrieden sein oder sich in einem Abschnitt der Desorientierung befinden, freuen wir uns, Ihnen weiterzuhelfen. F\u00fcr den Fall einer psychischen St\u00f6rung oder einer schweren Depression etwa gibt es andere Spezialisten\/innen, die wir Ihnen f\u00fcr therapeutische Settings gerne kostenlos und vertraulich weitervermitteln.<\/p>\n<\/div><\/div><div class=\"accordion-tab\" ><h4 class=\"accordion-title\" ><i class=\"fa fa-plus icon-plus\" ><\/i><span>Woher wei\u00df ich, welcher Trainingskurs genau zu meiner aktuellen Lebenssituation passt?<\/span><\/h4><div class=\"accordion-content\"><p>Wenn Sie die Kursbeschreibungen lesen und vergleichen, werden Sie sicher in (fast) jedem Kurs \u00c4hnlichkeiten erkennen, die zumindest teilweise auch mit Ihrer individuellen Lebenssituation zu tun haben &#8211; Die Kursinhalte und vor allem die Kursziele unterscheiden sich jedoch betr\u00e4chtlich voneinander!<br \/>\nGerne helfen wir Ihnen bei der Kurswahl telefonisch, per Email und auch pers\u00f6nlich: Fordern Sie <a title=\"Beratungsgespr\u00e4ch\" href=\"https:\/\/www.absolventenakademie.at\/kontakt\" target=\"_blank\" rel=\"noopener\">hier<\/a> einfach Ihr kostenloses Beratungsgespr\u00e4ch an!<\/p>\n<\/div><\/div><div class=\"accordion-tab\" ><h4 class=\"accordion-title\" ><i class=\"fa fa-plus icon-plus\" ><\/i><span>Wer h\u00e4lt die Trainings bei der ABSOLVENTENAKADEMIE?<\/span><\/h4><div class=\"accordion-content\"><p>Alle unsere Trainer\/innen und Co-Trainer\/innen verf\u00fcgen neben einer anerkannten Ausbildung im Bereich der Erwachsenenbildung zus\u00e4tzlich \u00fcber ein \u00fcberdurchschnittlich abgeschlossenes Hochschulstudium mindestens auf Master-, Magister- oder Diplom-Niveau. Neben hinreichender Trainings- und Unterrichtspraxis k\u00f6nnen alle eine mindestens 5- bis 10-j\u00e4hrige Berufserfahrung aufweisen. Die Trainer\/innen und Co-Trainer\/innen der ABSOLVENTENAKADEMIE kennen daher selbst als Hochschulabsolventen\/innen Ihre besondere Lebenssituation aus eigener Erfahrung. Auch haben sie &#8222;die Welt da drau\u00dfen&#8220; nicht nur theoretisch studiert sondern in echten Jobs und Alltagserfahrungen erlebt!<br \/>\nDie ABSOLVENTENAKADEMIE unterh\u00e4lt zudem Kooperationen zu erfahrenen Lebens- und Sozialberatern\/innen, Mal-Therapeuten\/innen, Kunst-P\u00e4dagogen\/innen, Coaches, Bewerbungstrainern\/innen, Unternehmensberatern\/innen, F\u00fchrungskr\u00e4ften und Ern\u00e4hrungsberatern\/innen.<\/p>\n<\/div><\/div><div class=\"accordion-tab\" ><h4 class=\"accordion-title\" ><i class=\"fa fa-plus icon-plus\" ><\/i><span>Warum h\u00e4lt die ABSOLVENTENAKADEMIE das Qualit\u00e4tszertifikat nach ISO Cert?<\/span><\/h4><div class=\"accordion-content\"><p>In den wahren Dschungel von Qualit\u00e4tssiegeln haben wir uns f\u00fcr nachpr\u00fcfbare Qualit\u00e4tszertifizierung unter zwei Gesichtspunkten entschieden:<br \/>\nZum Einen, dass die Qualit\u00e4t nicht in einer abstrakten Organisation (wie z.B. bei der EN ISO 29990) sondern in der Kompetenz der realen <strong>Person<\/strong> dokumentiert ist, die Ihre Trainings konzipiert, st\u00e4ndig \u00fcberarbeitet und leitet: <a title=\"Unser Team\" href=\"https:\/\/www.absolventenakademie.at\/uber-uns\/unser-team\/\" target=\"_blank\" rel=\"noopener\">Dr. Dipl.-Jur. MMag. Ren\u00e9 Merten<\/a>. Denn nur so k\u00f6nnen Sie dies nicht nur auf einem amtlichen Dokument lesen, sondern sich davon live selbst \u00fcberzeugen! Zum Anderen wollten wir keine regionale Begrenzung oder eine solche auf bestimmte Interessentr\u00e4ger\/innen \u00d6sterreichs (wie z.B. bei der WBA-Zertifizierung), sondern <strong>international<\/strong> anerkannte Qualit\u00e4tssicherung nach EN ISO 17024 betreiben!<\/p>\n<\/div><\/div><div class=\"accordion-tab\" ><h4 class=\"accordion-title\" ><i class=\"fa fa-plus icon-plus\" ><\/i><span>Woher wei\u00df ich, ob sich die Kurskosten f\u00fcr mich rentieren?<\/span><\/h4><div class=\"accordion-content\"><p>Woher wissen Sie, ob Naturjoghurt Ihnen zum Fr\u00fchst\u00fcck besser schmeckt als Fr\u00fcchtem\u00fcsli? Wieso meinen Sie, ein blauer Pullover steht Ihnen besser als ein roter Mantel? F\u00fcr viele Fragen gibt es keine eindeutig und rein rational begr\u00fcndbaren Antworten oder gar sichere Renditeprognosen. Wenn Sie etwas unbedingt wollen, Sie etwas brennend interessiert oder Sie eine Sache reizt &#8211; Dann <strong>tun<\/strong> Sie es! Wenn Sie lieber umherirren, sich unsicher f\u00fchlen oder von anderen (Medien, Wirtschaft, Politik&#8230;) ihr Leben bestimmen lassen wollen, kann auch das gutgehen&#8230; &#8211; Muss es aber nicht! Investieren Sie <strong>einmal<\/strong> in einen Kurs, um dort Selbstcoaching-Tools zu lernen, die Sie ein ganzes Leben lang f\u00fcr sich selbst anwenden k\u00f6nnen.<br \/>\nWenn Sie dabei noch <strong>Geld sparen<\/strong> wollen, stehen Ihnen zahlreiche Verg\u00fcnstigungsm\u00f6glichkeiten (Gutscheine, Snipcards, Aktionen, etc.) offen: Einfach Kurs ausw\u00e4hlen und bis zu <strong>30% Erm\u00e4\u00dfigung<\/strong> sichern. Oder sich den Kurs <a title=\"\u00d6ffentlche Personenf\u00f6derungen\" href=\"http:\/\/erwachsenenbildung.at\/service\/foerderungen\/personenfoerderungen\/personenfoerderungen.php\" target=\"_blank\" rel=\"noopener\">\u00f6ffentlich f\u00f6rdern <\/a>lassen &#8211; Wir unterst\u00fctzen Sie auch dabei gerne!<\/p>\n<\/div><\/div><\/div><\/div>\n","protected":false},"excerpt":{"rendered":"","protected":false},"author":1,"featured_media":0,"parent":3166,"menu_order":0,"comment_status":"closed","ping_status":"open","template":"","meta":{"footnotes":""},"class_list":["post-149","page","type-page","status-publish","hentry"],"yoast_head":"<!-- This site is optimized with the Yoast SEO plugin v27.2 - https:\/\/yoast.com\/product\/yoast-seo-wordpress\/ -->\n<title>H\u00e4ufige Fragen - ABSOLVENTENAKADEMIE<\/title>\n<meta name=\"robots\" content=\"index, follow, max-snippet:-1, max-image-preview:large, max-video-preview:-1\" \/>\n<link rel=\"canonical\" href=\"https:\/\/www.absolventenakademie.at\/index.php\/kurse\/haeufige-fragen\/\" \/>\n<meta property=\"og:locale\" content=\"de_DE\" \/>\n<meta property=\"og:type\" content=\"article\" \/>\n<meta property=\"og:title\" content=\"H\u00e4ufige Fragen - ABSOLVENTENAKADEMIE\" \/>\n<meta property=\"og:url\" content=\"https:\/\/www.absolventenakademie.at\/index.php\/kurse\/haeufige-fragen\/\" \/>\n<meta property=\"og:site_name\" content=\"ABSOLVENTENAKADEMIE\" \/>\n<meta property=\"article:publisher\" content=\"https:\/\/www.facebook.com\/AbsolventenakademieWien\" \/>\n<meta property=\"article:modified_time\" content=\"2018-07-27T17:11:01+00:00\" \/>\n<meta name=\"twitter:card\" content=\"summary_large_image\" \/>\n<meta name=\"twitter:label1\" content=\"Gesch\u00e4tzte Lesezeit\" \/>\n\t<meta name=\"twitter:data1\" content=\"7\u00a0Minuten\" \/>\n<script type=\"application\/ld+json\" class=\"yoast-schema-graph\">{\"@context\":\"https:\/\/schema.org\",\"@graph\":[{\"@type\":\"WebPage\",\"@id\":\"https:\/\/www.absolventenakademie.at\/index.php\/kurse\/haeufige-fragen\/\",\"url\":\"https:\/\/www.absolventenakademie.at\/index.php\/kurse\/haeufige-fragen\/\",\"name\":\"H\u00e4ufige Fragen - ABSOLVENTENAKADEMIE\",\"isPartOf\":{\"@id\":\"https:\/\/www.absolventenakademie.at\/#website\"},\"datePublished\":\"2013-11-22T10:12:00+00:00\",\"dateModified\":\"2018-07-27T17:11:01+00:00\",\"breadcrumb\":{\"@id\":\"https:\/\/www.absolventenakademie.at\/index.php\/kurse\/haeufige-fragen\/#breadcrumb\"},\"inLanguage\":\"de\",\"potentialAction\":[{\"@type\":\"ReadAction\",\"target\":[\"https:\/\/www.absolventenakademie.at\/index.php\/kurse\/haeufige-fragen\/\"]}]},{\"@type\":\"BreadcrumbList\",\"@id\":\"https:\/\/www.absolventenakademie.at\/index.php\/kurse\/haeufige-fragen\/#breadcrumb\",\"itemListElement\":[{\"@type\":\"ListItem\",\"position\":1,\"name\":\"Home\",\"item\":\"https:\/\/www.absolventenakademie.at\/\"},{\"@type\":\"ListItem\",\"position\":2,\"name\":\"Kurse\",\"item\":\"https:\/\/www.absolventenakademie.at\/index.php\/kurse\/\"},{\"@type\":\"ListItem\",\"position\":3,\"name\":\"H\u00e4ufige Fragen\"}]},{\"@type\":\"WebSite\",\"@id\":\"https:\/\/www.absolventenakademie.at\/#website\",\"url\":\"https:\/\/www.absolventenakademie.at\/\",\"name\":\"ABSOLVENTENAKADEMIE\",\"description\":\"Pers\u00f6nlichkeitsentwicklung f\u00fcr Studierende und Hochschulabsolventen\",\"potentialAction\":[{\"@type\":\"SearchAction\",\"target\":{\"@type\":\"EntryPoint\",\"urlTemplate\":\"https:\/\/www.absolventenakademie.at\/?s={search_term_string}\"},\"query-input\":{\"@type\":\"PropertyValueSpecification\",\"valueRequired\":true,\"valueName\":\"search_term_string\"}}],\"inLanguage\":\"de\"}]}<\/script>\n<!-- \/ Yoast SEO plugin. -->","yoast_head_json":{"title":"H\u00e4ufige Fragen - ABSOLVENTENAKADEMIE","robots":{"index":"index","follow":"follow","max-snippet":"max-snippet:-1","max-image-preview":"max-image-preview:large","max-video-preview":"max-video-preview:-1"},"canonical":"https:\/\/www.absolventenakademie.at\/index.php\/kurse\/haeufige-fragen\/","og_locale":"de_DE","og_type":"article","og_title":"H\u00e4ufige Fragen - ABSOLVENTENAKADEMIE","og_url":"https:\/\/www.absolventenakademie.at\/index.php\/kurse\/haeufige-fragen\/","og_site_name":"ABSOLVENTENAKADEMIE","article_publisher":"https:\/\/www.facebook.com\/AbsolventenakademieWien","article_modified_time":"2018-07-27T17:11:01+00:00","twitter_card":"summary_large_image","twitter_misc":{"Gesch\u00e4tzte Lesezeit":"7\u00a0Minuten"},"schema":{"@context":"https:\/\/schema.org","@graph":[{"@type":"WebPage","@id":"https:\/\/www.absolventenakademie.at\/index.php\/kurse\/haeufige-fragen\/","url":"https:\/\/www.absolventenakademie.at\/index.php\/kurse\/haeufige-fragen\/","name":"H\u00e4ufige Fragen - ABSOLVENTENAKADEMIE","isPartOf":{"@id":"https:\/\/www.absolventenakademie.at\/#website"},"datePublished":"2013-11-22T10:12:00+00:00","dateModified":"2018-07-27T17:11:01+00:00","breadcrumb":{"@id":"https:\/\/www.absolventenakademie.at\/index.php\/kurse\/haeufige-fragen\/#breadcrumb"},"inLanguage":"de","potentialAction":[{"@type":"ReadAction","target":["https:\/\/www.absolventenakademie.at\/index.php\/kurse\/haeufige-fragen\/"]}]},{"@type":"BreadcrumbList","@id":"https:\/\/www.absolventenakademie.at\/index.php\/kurse\/haeufige-fragen\/#breadcrumb","itemListElement":[{"@type":"ListItem","position":1,"name":"Home","item":"https:\/\/www.absolventenakademie.at\/"},{"@type":"ListItem","position":2,"name":"Kurse","item":"https:\/\/www.absolventenakademie.at\/index.php\/kurse\/"},{"@type":"ListItem","position":3,"name":"H\u00e4ufige Fragen"}]},{"@type":"WebSite","@id":"https:\/\/www.absolventenakademie.at\/#website","url":"https:\/\/www.absolventenakademie.at\/","name":"ABSOLVENTENAKADEMIE","description":"Pers\u00f6nlichkeitsentwicklung f\u00fcr Studierende und Hochschulabsolventen","potentialAction":[{"@type":"SearchAction","target":{"@type":"EntryPoint","urlTemplate":"https:\/\/www.absolventenakademie.at\/?s={search_term_string}"},"query-input":{"@type":"PropertyValueSpecification","valueRequired":true,"valueName":"search_term_string"}}],"inLanguage":"de"}]}},"_links":{"self":[{"href":"https:\/\/www.absolventenakademie.at\/index.php\/wp-json\/wp\/v2\/pages\/149","targetHints":{"allow":["GET"]}}],"collection":[{"href":"https:\/\/www.absolventenakademie.at\/index.php\/wp-json\/wp\/v2\/pages"}],"about":[{"href":"https:\/\/www.absolventenakademie.at\/index.php\/wp-json\/wp\/v2\/types\/page"}],"author":[{"embeddable":true,"href":"https:\/\/www.absolventenakademie.at\/index.php\/wp-json\/wp\/v2\/users\/1"}],"replies":[{"embeddable":true,"href":"https:\/\/www.absolventenakademie.at\/index.php\/wp-json\/wp\/v2\/comments?post=149"}],"version-history":[{"count":5,"href":"https:\/\/www.absolventenakademie.at\/index.php\/wp-json\/wp\/v2\/pages\/149\/revisions"}],"predecessor-version":[{"id":7187,"href":"https:\/\/www.absolventenakademie.at\/index.php\/wp-json\/wp\/v2\/pages\/149\/revisions\/7187"}],"up":[{"embeddable":true,"href":"https:\/\/www.absolventenakademie.at\/index.php\/wp-json\/wp\/v2\/pages\/3166"}],"wp:attachment":[{"href":"https:\/\/www.absolventenakademie.at\/index.php\/wp-json\/wp\/v2\/media?parent=149"}],"curies":[{"name":"wp","href":"https:\/\/api.w.org\/{rel}","templated":true}]}}