{"id":3832,"date":"2015-06-10T16:30:34","date_gmt":"2015-06-10T14:30:34","guid":{"rendered":"https:\/\/www.absolventenakademie.at\/?page_id=3832"},"modified":"2025-07-27T17:36:04","modified_gmt":"2025-07-27T15:36:04","slug":"impressum","status":"publish","type":"page","link":"https:\/\/www.absolventenakademie.at\/index.php\/impressum\/","title":{"rendered":"Impressum"},"content":{"rendered":"<h2>Informationspflichten (\u00a7 5 E-Commerce-Gesetz, \u00a7 14 Unternehmensgesetzbuch)<\/h2>\n<ul>\n<li>ABSOLVENTENAKADEMIE \u2013 Privates Institut f\u00fcr Erwachsenenbildung e.U.<\/li>\n<li>Gesch\u00e4ftsf\u00fchrender Inhaber: Dr. iur., Dipl.-Jur., Mag. rer. publ. Ren\u00e9 Merten, M.J.I., M.B.A.<\/li>\n<li>Unternehmensgegenstand: Pers\u00f6nlichkeits- und Karriereentwicklung von Hochschulabsolventen\/innen, Organisationsberatung f\u00fcr Wissenschaftsbetriebe und Projektteams<\/li>\n<li>UID-Nummer: ATU 677 627 99<\/li>\n<li>Firmenbuchnummer: FN 391 187 a<\/li>\n<li>Firmenbuchgericht: Handelsgericht Wien; Marxergasse 1a; A \u2013 1030 Wien<\/li>\n<li>Unternehmenssitz: Daungasse 6\/1\/3; A \u2013 1080 Wien<\/li>\n<li>E-Mail: office (a )absolventenakademie.at<\/li>\n<li>Internet: <a href=\"https:\/\/www.absolventenakademie.at\">www.absolventenakademie.at<\/a><\/li>\n<li>Mitgliedsnummer Wirtschaftskammer Wien: 0 83 60 32<\/li>\n<li>Anwendbare Rechtsvorschriften: <a href=\"http:\/\/www.ris.bka.gv.at\/\">www.ris.bka.gv.at<\/a><\/li>\n<li>Aufsichtsbeh\u00f6rde gem\u00e4\u00df E-Commerce-Gesetz: Magistratisches Bezirksamt f\u00fcr den 8. Bezirk; Wipplingerstra\u00dfe 8, A \u2013 1010 Wien<\/li>\n<\/ul>\n<h2>Offenlegungspflicht (\u00a7 25 Mediengesetz)<\/h2>\n<ul>\n<li>Medieninhaber: Dr. iur., Dipl.-Jur., Mag. rer. publ. Ren\u00e9 Merten, M.J.I., M.B.A.<\/li>\n<li>Unternehmensgegenstand: Pers\u00f6nlichkeits- und Karriereentwicklung von Hochschulabsolventen\/innen, Organisationsberatung f\u00fcr Wissenschaftsbetriebe und Projektteams<\/li>\n<li>Unternehmenssitz: Daungasse 6\/1\/3; A \u2013 1080 Wien<\/li>\n<li>Blattlinie: Information \u00fcber Unternehmensdienstleistungen und F\u00f6rderung des Absatzes; Hochschul-, Wissenschafts- und Bildungspolitik, Erwachsenenbildung; Pers\u00f6nlichkeitsentwicklung, Karriere<\/li>\n<li>Website-Programmierung und -Grafikdesign: <a href=\"http:\/\/www.resonanz-marketing.com\/de\/index.htm\" target=\"_blank\" rel=\"noopener\">Resonanz Online Marketing KG<\/a><\/li>\n<li>Website-Grafiken und -Fotos: <a title=\"iStockphoto\" href=\"http:\/\/www.istockphoto.com\" target=\"_blank\" rel=\"noopener\">iStockphoto LP <\/a>(Kanada), <a title=\"Fotolia LLC\" href=\"http:\/\/www.fotolia.com\" target=\"_blank\" rel=\"noopener\">Fotolia LLC <\/a>(USA), <a href=\"http:\/\/www.gonca-grafikdesign.at\" target=\"_blank\" rel=\"noopener\">Gonca Warhanek Grafikdesign<\/a>, ABSOLVENTENAKADEMIE \u2013 Privates Institut f\u00fcr Erwachsenenbildung e.U.<\/li>\n<\/ul>\n<h2><span style=\"color: #000000;\">Allgemeine Rechtshinweise<\/span><\/h2>\n<h3><span style=\"color: #000000;\">Inhalt des Onlineangebots<\/span><\/h3>\n<p><span style=\"color: #000000;\">Die ABSOLVENTENAKADEMIE \u00fcbernimmt keinerlei Gew\u00e4hr f\u00fcr die Aktualit\u00e4t, Richtigkeit und Vollst\u00e4ndigkeit der bereitgestellten Inhalte auf unseren Internet-Seiten. Haftungsanspr\u00fcche gegen die ABSOLVENTENAKADEMIE, welche sich auf Sch\u00e4den materieller oder ideeller Art beziehen, die durch Nutzung oder Nichtnutzung der dargebotenen Inhalte bzw. durch die Nutzung fehlerhafter und unvollst\u00e4ndiger Inhalte verursacht wurden, sind ausgeschlossen, sofern seitens der ABSOLVENTENAKADEMIE kein eindeutig vors\u00e4tzliches oder grob fahrl\u00e4ssiges Verschulden nachweisbar ist.<\/span><\/p>\n<p><span style=\"color: #000000;\">Alle Inhalte unserer Internet-Seiten sind freibleibend und unverbindlich. Die ABSOLVENTENAKADEMIE beh\u00e4lt es sich ausdr\u00fccklich vor, Teile der Internet-Seiten oder den gesamten Inhalt ohne Ank\u00fcndigung zu ver\u00e4ndern, zu erg\u00e4nzen, zu l\u00f6schen oder die Ver\u00f6ffentlichung zeitweise oder endg\u00fcltig einzustellen.<\/span><\/p>\n<h3><span style=\"color: #000000;\">Verweise und Links<\/span><\/h3>\n<p><span style=\"color: #000000;\">Bez\u00fcglich direkter oder indirekter Verweise auf fremde, externe Internet-Seiten (sog. \u201eHyperlinks\u201c), die au\u00dferhalb des Bereiches der ABSOLVENTENAKADEMIE liegen, wird hiermit ausdr\u00fccklich erkl\u00e4rt, dass zum Zeitpunkt der Setzung des Verweises keine rechtswidrigen Inhalte auf den fremden, externen Internet-Seiten erkennbar gewesen sind. Auf die zuk\u00fcnftige Gestaltung fremder, externer Internet-Seiten, deren Inhalte sowie deren Rechtm\u00e4\u00dfigkeit hat die ABSOLVENTENAKADEMIE keinerlei Einfluss. Deshalb distanziert sich die ABSOLVENTENAKADEMIE hiermit ausdr\u00fccklich von allen Inhalten fremder, externer Internet-Seiten, die nach der Setzung des Verweises nachtr\u00e4glich ver\u00e4ndert wurden. F\u00fcr rechtswidrige, fehlerhafte oder unvollst\u00e4ndige Inhalte und f\u00fcr Sch\u00e4den materieller oder ideeller Art, die durch Nutzung oder Nichtnutzung der dargebotenen Informationen auf fremden, externen Internet-Seiten verursacht wurden, haftet daher allein der- bzw. diejenige Medienverantwortliche jener Internet-Seiten, auf welche verwiesen wurde.<\/span><\/p>\n<h3><span style=\"color: #000000;\">Marken-, Urheber-, Besitz- und Eigentumsrechte<\/span><\/h3>\n<p><span style=\"color: #000000;\">Alle auf unseren Internet-Seiten verwendeten Inhalte wie Bilder, Grafiken, Texte etc. werden durch die jeweiligen Marken-, Urheber-, Besitz- und Eigentumsrechte der jeweiligen Rechtsinhaber\/innen gesch\u00fctzt. Insbesondere verbleibt das Copyright f\u00fcr alle selbst erstellten Inhalte unseren Internet-Seiten wie das Design allein bei der ABSOLVENTENAKADEMIE. Jede private oder kommerzielle Vervielf\u00e4ltigung oder Verwendung dieser Inhalte in anderen elektronischen oder gedruckten Kontexten ist (selbst auszugsweise und\/oder unter Angabe der Herkunft) ohne ausdr\u00fcckliche, vorherig schriftlich erteilte Zustimmung durch die ABSOLVENTENAKADEMIE nicht gestattet und wird straf- wie zivilrechtlich verfolgt.<\/span><\/p>\n<h3><span style=\"color: #000000;\">Wirksamkeit der Rechtshinweise<\/span><\/h3>\n<p><span style=\"color: #000000;\">Die Rechtswirksamkeit der auf dieser Internet-Seite wie auf allen anderen Internet-Seiten der ABSOLVENTENAKADEMIE gegebenen Rechtshinweise, insbesondere der Haftungsbeschr\u00e4nkungen und Haftungsausschl\u00fcsse, bezieht sich stets auf die national wie international geltende Rechtslage. Sofern Teile dieser Rechtshinweise der geltenden Rechtslage nicht, nicht mehr oder nicht vollst\u00e4ndig entsprechen sollten, bleiben die \u00fcbrigen Teile in ihrem Inhalt und ihrer G\u00fcltigkeit davon unber\u00fchrt.<\/span><\/p>\n","protected":false},"excerpt":{"rendered":"<p>Informationspflichten (\u00a7 5 E-Commerce-Gesetz, \u00a7 14 Unternehmensgesetzbuch) ABSOLVENTENAKADEMIE \u2013 Privates Institut f\u00fcr Erwachsenenbildung e.U. Gesch\u00e4ftsf\u00fchrender Inhaber: Dr. iur., Dipl.-Jur., Mag. rer. publ. Ren\u00e9 Merten, M.J.I., M.B.A. Unternehmensgegenstand: Pers\u00f6nlichkeits- und Karriereentwicklung von Hochschulabsolventen\/innen, Organisationsberatung f\u00fcr Wissenschaftsbetriebe und Projektteams UID-Nummer: ATU 677 627 99 Firmenbuchnummer: FN 391 187 a Firmenbuchgericht: Handelsgericht Wien; Marxergasse 1a; A \u2013 1030&#8230; <\/p>\n<div class=\"clear\"><\/div>\n<p><a href=\"https:\/\/www.absolventenakademie.at\/index.php\/impressum\/\" class=\"gdlr-button with-border excerpt-read-more\">Read More<\/a><\/p>\n","protected":false},"author":1,"featured_media":0,"parent":0,"menu_order":0,"comment_status":"open","ping_status":"open","template":"","meta":{"footnotes":""},"class_list":["post-3832","page","type-page","status-publish","hentry"],"yoast_head":"<!-- This site is optimized with the Yoast SEO plugin v27.2 - https:\/\/yoast.com\/product\/yoast-seo-wordpress\/ -->\n<title>Impressum - ABSOLVENTENAKADEMIE<\/title>\n<meta name=\"robots\" content=\"index, follow, max-snippet:-1, max-image-preview:large, max-video-preview:-1\" \/>\n<link rel=\"canonical\" href=\"https:\/\/www.absolventenakademie.at\/index.php\/impressum\/\" \/>\n<meta property=\"og:locale\" content=\"de_DE\" \/>\n<meta property=\"og:type\" content=\"article\" \/>\n<meta property=\"og:title\" content=\"Impressum - ABSOLVENTENAKADEMIE\" \/>\n<meta property=\"og:description\" content=\"Informationspflichten (\u00a7 5 E-Commerce-Gesetz, \u00a7 14 Unternehmensgesetzbuch) ABSOLVENTENAKADEMIE \u2013 Privates Institut f\u00fcr Erwachsenenbildung e.U. Gesch\u00e4ftsf\u00fchrender Inhaber: Dr. iur., Dipl.-Jur., Mag. rer. publ. Ren\u00e9 Merten, M.J.I., M.B.A. Unternehmensgegenstand: Pers\u00f6nlichkeits- und Karriereentwicklung von Hochschulabsolventen\/innen, Organisationsberatung f\u00fcr Wissenschaftsbetriebe und Projektteams UID-Nummer: ATU 677 627 99 Firmenbuchnummer: FN 391 187 a Firmenbuchgericht: Handelsgericht Wien; Marxergasse 1a; A \u2013 1030... Read More\" \/>\n<meta property=\"og:url\" content=\"https:\/\/www.absolventenakademie.at\/index.php\/impressum\/\" \/>\n<meta property=\"og:site_name\" content=\"ABSOLVENTENAKADEMIE\" \/>\n<meta property=\"article:publisher\" content=\"https:\/\/www.facebook.com\/AbsolventenakademieWien\" \/>\n<meta property=\"article:modified_time\" content=\"2025-07-27T15:36:04+00:00\" \/>\n<meta name=\"twitter:card\" content=\"summary_large_image\" \/>\n<meta name=\"twitter:label1\" content=\"Gesch\u00e4tzte Lesezeit\" \/>\n\t<meta name=\"twitter:data1\" content=\"3\u00a0Minuten\" \/>\n<script type=\"application\/ld+json\" class=\"yoast-schema-graph\">{\"@context\":\"https:\/\/schema.org\",\"@graph\":[{\"@type\":\"WebPage\",\"@id\":\"https:\/\/www.absolventenakademie.at\/index.php\/impressum\/\",\"url\":\"https:\/\/www.absolventenakademie.at\/index.php\/impressum\/\",\"name\":\"Impressum - ABSOLVENTENAKADEMIE\",\"isPartOf\":{\"@id\":\"https:\/\/www.absolventenakademie.at\/#website\"},\"datePublished\":\"2015-06-10T14:30:34+00:00\",\"dateModified\":\"2025-07-27T15:36:04+00:00\",\"breadcrumb\":{\"@id\":\"https:\/\/www.absolventenakademie.at\/index.php\/impressum\/#breadcrumb\"},\"inLanguage\":\"de\",\"potentialAction\":[{\"@type\":\"ReadAction\",\"target\":[\"https:\/\/www.absolventenakademie.at\/index.php\/impressum\/\"]}]},{\"@type\":\"BreadcrumbList\",\"@id\":\"https:\/\/www.absolventenakademie.at\/index.php\/impressum\/#breadcrumb\",\"itemListElement\":[{\"@type\":\"ListItem\",\"position\":1,\"name\":\"Home\",\"item\":\"https:\/\/www.absolventenakademie.at\/\"},{\"@type\":\"ListItem\",\"position\":2,\"name\":\"Impressum\"}]},{\"@type\":\"WebSite\",\"@id\":\"https:\/\/www.absolventenakademie.at\/#website\",\"url\":\"https:\/\/www.absolventenakademie.at\/\",\"name\":\"ABSOLVENTENAKADEMIE\",\"description\":\"Pers\u00f6nlichkeitsentwicklung f\u00fcr Studierende und Hochschulabsolventen\",\"potentialAction\":[{\"@type\":\"SearchAction\",\"target\":{\"@type\":\"EntryPoint\",\"urlTemplate\":\"https:\/\/www.absolventenakademie.at\/?s={search_term_string}\"},\"query-input\":{\"@type\":\"PropertyValueSpecification\",\"valueRequired\":true,\"valueName\":\"search_term_string\"}}],\"inLanguage\":\"de\"}]}<\/script>\n<!-- \/ Yoast SEO plugin. -->","yoast_head_json":{"title":"Impressum - ABSOLVENTENAKADEMIE","robots":{"index":"index","follow":"follow","max-snippet":"max-snippet:-1","max-image-preview":"max-image-preview:large","max-video-preview":"max-video-preview:-1"},"canonical":"https:\/\/www.absolventenakademie.at\/index.php\/impressum\/","og_locale":"de_DE","og_type":"article","og_title":"Impressum - ABSOLVENTENAKADEMIE","og_description":"Informationspflichten (\u00a7 5 E-Commerce-Gesetz, \u00a7 14 Unternehmensgesetzbuch) ABSOLVENTENAKADEMIE \u2013 Privates Institut f\u00fcr Erwachsenenbildung e.U. Gesch\u00e4ftsf\u00fchrender Inhaber: Dr. iur., Dipl.-Jur., Mag. rer. publ. Ren\u00e9 Merten, M.J.I., M.B.A. Unternehmensgegenstand: Pers\u00f6nlichkeits- und Karriereentwicklung von Hochschulabsolventen\/innen, Organisationsberatung f\u00fcr Wissenschaftsbetriebe und Projektteams UID-Nummer: ATU 677 627 99 Firmenbuchnummer: FN 391 187 a Firmenbuchgericht: Handelsgericht Wien; Marxergasse 1a; A \u2013 1030... Read More","og_url":"https:\/\/www.absolventenakademie.at\/index.php\/impressum\/","og_site_name":"ABSOLVENTENAKADEMIE","article_publisher":"https:\/\/www.facebook.com\/AbsolventenakademieWien","article_modified_time":"2025-07-27T15:36:04+00:00","twitter_card":"summary_large_image","twitter_misc":{"Gesch\u00e4tzte Lesezeit":"3\u00a0Minuten"},"schema":{"@context":"https:\/\/schema.org","@graph":[{"@type":"WebPage","@id":"https:\/\/www.absolventenakademie.at\/index.php\/impressum\/","url":"https:\/\/www.absolventenakademie.at\/index.php\/impressum\/","name":"Impressum - ABSOLVENTENAKADEMIE","isPartOf":{"@id":"https:\/\/www.absolventenakademie.at\/#website"},"datePublished":"2015-06-10T14:30:34+00:00","dateModified":"2025-07-27T15:36:04+00:00","breadcrumb":{"@id":"https:\/\/www.absolventenakademie.at\/index.php\/impressum\/#breadcrumb"},"inLanguage":"de","potentialAction":[{"@type":"ReadAction","target":["https:\/\/www.absolventenakademie.at\/index.php\/impressum\/"]}]},{"@type":"BreadcrumbList","@id":"https:\/\/www.absolventenakademie.at\/index.php\/impressum\/#breadcrumb","itemListElement":[{"@type":"ListItem","position":1,"name":"Home","item":"https:\/\/www.absolventenakademie.at\/"},{"@type":"ListItem","position":2,"name":"Impressum"}]},{"@type":"WebSite","@id":"https:\/\/www.absolventenakademie.at\/#website","url":"https:\/\/www.absolventenakademie.at\/","name":"ABSOLVENTENAKADEMIE","description":"Pers\u00f6nlichkeitsentwicklung f\u00fcr Studierende und Hochschulabsolventen","potentialAction":[{"@type":"SearchAction","target":{"@type":"EntryPoint","urlTemplate":"https:\/\/www.absolventenakademie.at\/?s={search_term_string}"},"query-input":{"@type":"PropertyValueSpecification","valueRequired":true,"valueName":"search_term_string"}}],"inLanguage":"de"}]}},"_links":{"self":[{"href":"https:\/\/www.absolventenakademie.at\/index.php\/wp-json\/wp\/v2\/pages\/3832","targetHints":{"allow":["GET"]}}],"collection":[{"href":"https:\/\/www.absolventenakademie.at\/index.php\/wp-json\/wp\/v2\/pages"}],"about":[{"href":"https:\/\/www.absolventenakademie.at\/index.php\/wp-json\/wp\/v2\/types\/page"}],"author":[{"embeddable":true,"href":"https:\/\/www.absolventenakademie.at\/index.php\/wp-json\/wp\/v2\/users\/1"}],"replies":[{"embeddable":true,"href":"https:\/\/www.absolventenakademie.at\/index.php\/wp-json\/wp\/v2\/comments?post=3832"}],"version-history":[{"count":6,"href":"https:\/\/www.absolventenakademie.at\/index.php\/wp-json\/wp\/v2\/pages\/3832\/revisions"}],"predecessor-version":[{"id":36907,"href":"https:\/\/www.absolventenakademie.at\/index.php\/wp-json\/wp\/v2\/pages\/3832\/revisions\/36907"}],"wp:attachment":[{"href":"https:\/\/www.absolventenakademie.at\/index.php\/wp-json\/wp\/v2\/media?parent=3832"}],"curies":[{"name":"wp","href":"https:\/\/api.w.org\/{rel}","templated":true}]}}