{"id":5878,"date":"2015-10-05T12:51:25","date_gmt":"2015-10-05T10:51:25","guid":{"rendered":"http:\/\/absolventenakademie.resonanz-marketing.com\/?page_id=5878"},"modified":"2022-07-13T09:34:31","modified_gmt":"2022-07-13T07:34:31","slug":"ihr-nutzen","status":"publish","type":"page","link":"https:\/\/www.absolventenakademie.at\/index.php\/ihr-nutzen\/","title":{"rendered":"Ihr Nutzen"},"content":{"rendered":"<h3>Mein Studium habe ich geschafft! &#8230;Aber wie geht es nun weiter?<\/h3>\n<p style=\"text-align: justify;\"><a href=\"https:\/\/www.absolventenakademie.at\/wp-content\/uploads\/2015\/10\/iStock_000013732481_ExtraSmall.jpg\"><img loading=\"lazy\" decoding=\"async\" class=\" wp-image-6114 alignleft\" src=\"https:\/\/www.absolventenakademie.at\/wp-content\/uploads\/2015\/10\/iStock_000013732481_ExtraSmall-300x199.jpg\" alt=\"iStock_000013732481_ExtraSmall\" width=\"333\" height=\"221\" srcset=\"https:\/\/www.absolventenakademie.at\/wp-content\/uploads\/2015\/10\/iStock_000013732481_ExtraSmall-300x199.jpg 300w, https:\/\/www.absolventenakademie.at\/wp-content\/uploads\/2015\/10\/iStock_000013732481_ExtraSmall.jpg 425w\" sizes=\"auto, (max-width: 333px) 100vw, 333px\" \/><\/a><\/p>\n<p style=\"text-align: justify;\">Kennen Sie das Gef\u00fchl,<\/p>\n<p>&#8230;wenn Sie einfach nicht den Ihren akademischen F\u00e4higkeiten entsprechenden Job finden oder mit ihrem jetzigen unzufrieden sind?<br \/>\n&#8230;wenn Sie sich manchmal von pers\u00f6nlicher Unsicherheit geplagt die unbeschwerte Zeit Ihres Studiums zur\u00fcckw\u00fcnschen?<br \/>\n&#8230;wenn Sie sich \u00fcber Ihre bisherigen Leistungen und Erfolge in Ihrem Leben nicht so richtig freuen k\u00f6nnen?<br \/>\n&#8230;oder wenn (finanzielle) Ungewissheit, gesellschaftlicher Druck und die eigenen Erwartungen auf Ihnen zu Lasten scheinen?<\/p>\n<p>Hat man Ihnen auch erz\u00e4hlt, das \u201egeh\u00f6re eben zum Erwachsenwerden dazu\u201c?<\/p>\n<blockquote><p>Einer neuen Wahrheit ist nichts sch\u00e4dlicher als ein alter Irrtum! <cite title=\"(Johann Wolfgang Goethe zugeschrieben)\">(Johann Wolfgang Goethe zugeschrieben) <\/cite><\/p><\/blockquote>\n<h3>Pers\u00f6nlichkeit ist Ihr Erfolg!<\/h3>\n<p>Gerade die Phase des \u00dcbergangs vom Studium in einen neuen Lebensabschnitt ist manchmal gepr\u00e4gt von Unsicherheiten, Zukunfts\u00e4ngsten und dem Gef\u00fchl, sich mit anderen vergleichen zu m\u00fcssen. Um diese Herausforderung selbstbestimmt meistern zu k\u00f6nnen, helfen Methoden und Techniken aus der Kreativit\u00e4tsforschung, der Schreibp\u00e4dagogik und der k\u00fcnstlerischen Praxis.<\/p>\n<p>Die ABSOLVENTENAKADEMIE unterst\u00fctzt Sie dabei, Ihren eigenen Weg zu gehen!<\/p>\n<p>Wir nutzen diese und weitere Tools, damit Jede\/r f\u00fcr sich herausfindet, was pers\u00f6nlicher Erfolg f\u00fcr ihn\/sie bedeutet und dieser individuell erreicht wird! &#8230;damit Begriffe wie \u201eQuarter Life Crisis\u201c f\u00fcr Sie immer ein Fremdwort bleiben!<\/p>\n<h3>Warum zu uns?<\/h3>\n<ul>\n<li><strong>Ihr Selbstwert:<\/strong> Wollen Sie sich von Anderen im Leben (ver-)biegen lassen oder selbstbewusst Ihren eigenen Weg gehen, auch wenn er einmal krumm und nicht aalglatt verl\u00e4uft? Das l\u00e4sst Sie Herausforderungen als Chance erkennen!\u00a0Reiten Sie\u00a0dynamisch auf der Welle Ihrer Selbstwirksamkeit,\u00a0wo andere nur \u00e4ngstlich mit dem Strom schwimmen!<\/li>\n<li><strong>Ihre Sicherheit:<\/strong> Wollen Sie ziellos und unsicher im Dschungel umherirren oder sich die Pers\u00f6nlichkeitstools aneignen, mit denen Sie Lebenssituationen erfolgreich\u00a0meistern?\u00a0Statt Festanstellung, Lebensversicherung und viele (ungenutzte) M\u00f6glichkeiten f\u00fcr &#8222;Plan B&#8220; tragen Sie Ihre Sicherheit in sich!<\/li>\n<li><strong>Ihre Gesundheit: <\/strong>Jede\/r plant morgens Z\u00e4hneputzen, Duschen und Waschen mit ein, denn k\u00f6rperliche Hygiene ist selbstverst\u00e4ndlich. Warum nicht Zeitfenster, Rituale und Reflexion f\u00fcr die (genauso wichtige) psychische Hygiene, ohne anf\u00e4llig f\u00fcr schlechte Stimmung zu sein? Statt Probleme im Hinterkopf &#8222;nagen&#8220; zu lassen, sich lieber\u00a0bewusst L\u00f6sungen und das bisher Geleistete vor Augen f\u00fchren &#8211; gemeinsam mit anderen im Training und sp\u00e4ter im Selbstcoaching!<\/li>\n<li><strong>Ihr Spa\u00df:<\/strong> Mit Freude, Interesse und Motivation lernt man am besten &#8211; das bezieht sich auf die Vermittlung von Lernstoff wie die Sympathie der Lehrperson. Deshalb gehen Sie bei uns mit einem zufriedenen L\u00e4cheln, vielen positiven Erfahrungen und einer Menge vernetzter Kontakte heraus!<\/li>\n<li><strong>Ihre Weiterentwicklung: <\/strong>Sie lernen gerne &#8211;\u00a0aber nicht (nur) f\u00fcr Schule, Uni oder in der fachlichen Weiterbildung, sondern f\u00fcr sich selbst? Dann st\u00e4rken Sie Ihre Pers\u00f6nlichkeit, erforschen Sie Ihre Talente und setzen Sie sich mit Ihrem Lebensentwurf auseinander. Entdecken Sie die Sch\u00e4tze in sich und entwickeln Sie sich weiter &#8211; wo Sie hinwollen, was Sie erwarten, wie Sie ans Ziel gelangen!<\/li>\n<li><strong>Ihr Geld:<\/strong> Wollen Sie zielsicher Ihre Talente gleich dort einsetzen, wo sie f\u00fcr Sie am besten passen? Statt dauernder Jobwechsel, Umz\u00fcgen, teurer Fachzertifizierungen\u00a0und unrentablen Lebensentscheidungen sparen Sie sich unn\u00fctze Ausgaben und investieren in gewinnbringende Aktien: in sich selbst!<\/li>\n<\/ul>\n","protected":false},"excerpt":{"rendered":"<p>Mein Studium habe ich geschafft! &#8230;Aber wie geht es nun weiter? Kennen Sie das Gef\u00fchl, &#8230;wenn Sie einfach nicht den Ihren akademischen F\u00e4higkeiten entsprechenden Job finden oder mit ihrem jetzigen unzufrieden sind? &#8230;wenn Sie sich manchmal von pers\u00f6nlicher Unsicherheit geplagt die unbeschwerte Zeit Ihres Studiums zur\u00fcckw\u00fcnschen? &#8230;wenn Sie sich \u00fcber Ihre bisherigen Leistungen und Erfolge&#8230; <\/p>\n<div class=\"clear\"><\/div>\n<p><a href=\"https:\/\/www.absolventenakademie.at\/index.php\/ihr-nutzen\/\" class=\"gdlr-button with-border excerpt-read-more\">Read More<\/a><\/p>\n","protected":false},"author":9,"featured_media":0,"parent":0,"menu_order":0,"comment_status":"closed","ping_status":"open","template":"","meta":{"footnotes":""},"class_list":["post-5878","page","type-page","status-publish","hentry"],"yoast_head":"<!-- This site is optimized with the Yoast SEO plugin v27.2 - https:\/\/yoast.com\/product\/yoast-seo-wordpress\/ -->\n<title>Ihr Nutzen - ABSOLVENTENAKADEMIE<\/title>\n<meta name=\"robots\" content=\"index, follow, max-snippet:-1, max-image-preview:large, max-video-preview:-1\" \/>\n<link rel=\"canonical\" href=\"https:\/\/www.absolventenakademie.at\/index.php\/ihr-nutzen\/\" \/>\n<meta property=\"og:locale\" content=\"de_DE\" \/>\n<meta property=\"og:type\" content=\"article\" \/>\n<meta property=\"og:title\" content=\"Ihr Nutzen - ABSOLVENTENAKADEMIE\" \/>\n<meta property=\"og:description\" content=\"Mein Studium habe ich geschafft! &#8230;Aber wie geht es nun weiter? Kennen Sie das Gef\u00fchl, &#8230;wenn Sie einfach nicht den Ihren akademischen F\u00e4higkeiten entsprechenden Job finden oder mit ihrem jetzigen unzufrieden sind? &#8230;wenn Sie sich manchmal von pers\u00f6nlicher Unsicherheit geplagt die unbeschwerte Zeit Ihres Studiums zur\u00fcckw\u00fcnschen? &#8230;wenn Sie sich \u00fcber Ihre bisherigen Leistungen und Erfolge... Read More\" \/>\n<meta property=\"og:url\" content=\"https:\/\/www.absolventenakademie.at\/index.php\/ihr-nutzen\/\" \/>\n<meta property=\"og:site_name\" content=\"ABSOLVENTENAKADEMIE\" \/>\n<meta property=\"article:publisher\" content=\"https:\/\/www.facebook.com\/AbsolventenakademieWien\" \/>\n<meta property=\"article:modified_time\" content=\"2022-07-13T07:34:31+00:00\" \/>\n<meta property=\"og:image\" content=\"https:\/\/www.absolventenakademie.at\/wp-content\/uploads\/2015\/10\/iStock_000013732481_ExtraSmall-300x199.jpg\" \/>\n<meta name=\"twitter:card\" content=\"summary_large_image\" \/>\n<meta name=\"twitter:label1\" content=\"Gesch\u00e4tzte Lesezeit\" \/>\n\t<meta name=\"twitter:data1\" content=\"3\u00a0Minuten\" \/>\n<script type=\"application\/ld+json\" class=\"yoast-schema-graph\">{\"@context\":\"https:\/\/schema.org\",\"@graph\":[{\"@type\":\"WebPage\",\"@id\":\"https:\/\/www.absolventenakademie.at\/index.php\/ihr-nutzen\/\",\"url\":\"https:\/\/www.absolventenakademie.at\/index.php\/ihr-nutzen\/\",\"name\":\"Ihr Nutzen - ABSOLVENTENAKADEMIE\",\"isPartOf\":{\"@id\":\"https:\/\/www.absolventenakademie.at\/#website\"},\"primaryImageOfPage\":{\"@id\":\"https:\/\/www.absolventenakademie.at\/index.php\/ihr-nutzen\/#primaryimage\"},\"image\":{\"@id\":\"https:\/\/www.absolventenakademie.at\/index.php\/ihr-nutzen\/#primaryimage\"},\"thumbnailUrl\":\"https:\/\/www.absolventenakademie.at\/wp-content\/uploads\/2015\/10\/iStock_000013732481_ExtraSmall-300x199.jpg\",\"datePublished\":\"2015-10-05T10:51:25+00:00\",\"dateModified\":\"2022-07-13T07:34:31+00:00\",\"breadcrumb\":{\"@id\":\"https:\/\/www.absolventenakademie.at\/index.php\/ihr-nutzen\/#breadcrumb\"},\"inLanguage\":\"de\",\"potentialAction\":[{\"@type\":\"ReadAction\",\"target\":[\"https:\/\/www.absolventenakademie.at\/index.php\/ihr-nutzen\/\"]}]},{\"@type\":\"ImageObject\",\"inLanguage\":\"de\",\"@id\":\"https:\/\/www.absolventenakademie.at\/index.php\/ihr-nutzen\/#primaryimage\",\"url\":\"https:\/\/www.absolventenakademie.at\/wp-content\/uploads\/2015\/10\/iStock_000013732481_ExtraSmall.jpg\",\"contentUrl\":\"https:\/\/www.absolventenakademie.at\/wp-content\/uploads\/2015\/10\/iStock_000013732481_ExtraSmall.jpg\",\"width\":425,\"height\":282},{\"@type\":\"BreadcrumbList\",\"@id\":\"https:\/\/www.absolventenakademie.at\/index.php\/ihr-nutzen\/#breadcrumb\",\"itemListElement\":[{\"@type\":\"ListItem\",\"position\":1,\"name\":\"Home\",\"item\":\"https:\/\/www.absolventenakademie.at\/\"},{\"@type\":\"ListItem\",\"position\":2,\"name\":\"Ihr Nutzen\"}]},{\"@type\":\"WebSite\",\"@id\":\"https:\/\/www.absolventenakademie.at\/#website\",\"url\":\"https:\/\/www.absolventenakademie.at\/\",\"name\":\"ABSOLVENTENAKADEMIE\",\"description\":\"Pers\u00f6nlichkeitsentwicklung f\u00fcr Studierende und Hochschulabsolventen\",\"potentialAction\":[{\"@type\":\"SearchAction\",\"target\":{\"@type\":\"EntryPoint\",\"urlTemplate\":\"https:\/\/www.absolventenakademie.at\/?s={search_term_string}\"},\"query-input\":{\"@type\":\"PropertyValueSpecification\",\"valueRequired\":true,\"valueName\":\"search_term_string\"}}],\"inLanguage\":\"de\"}]}<\/script>\n<!-- \/ Yoast SEO plugin. -->","yoast_head_json":{"title":"Ihr Nutzen - ABSOLVENTENAKADEMIE","robots":{"index":"index","follow":"follow","max-snippet":"max-snippet:-1","max-image-preview":"max-image-preview:large","max-video-preview":"max-video-preview:-1"},"canonical":"https:\/\/www.absolventenakademie.at\/index.php\/ihr-nutzen\/","og_locale":"de_DE","og_type":"article","og_title":"Ihr Nutzen - ABSOLVENTENAKADEMIE","og_description":"Mein Studium habe ich geschafft! &#8230;Aber wie geht es nun weiter? Kennen Sie das Gef\u00fchl, &#8230;wenn Sie einfach nicht den Ihren akademischen F\u00e4higkeiten entsprechenden Job finden oder mit ihrem jetzigen unzufrieden sind? &#8230;wenn Sie sich manchmal von pers\u00f6nlicher Unsicherheit geplagt die unbeschwerte Zeit Ihres Studiums zur\u00fcckw\u00fcnschen? &#8230;wenn Sie sich \u00fcber Ihre bisherigen Leistungen und Erfolge... Read More","og_url":"https:\/\/www.absolventenakademie.at\/index.php\/ihr-nutzen\/","og_site_name":"ABSOLVENTENAKADEMIE","article_publisher":"https:\/\/www.facebook.com\/AbsolventenakademieWien","article_modified_time":"2022-07-13T07:34:31+00:00","og_image":[{"url":"https:\/\/www.absolventenakademie.at\/wp-content\/uploads\/2015\/10\/iStock_000013732481_ExtraSmall-300x199.jpg","type":"","width":"","height":""}],"twitter_card":"summary_large_image","twitter_misc":{"Gesch\u00e4tzte Lesezeit":"3\u00a0Minuten"},"schema":{"@context":"https:\/\/schema.org","@graph":[{"@type":"WebPage","@id":"https:\/\/www.absolventenakademie.at\/index.php\/ihr-nutzen\/","url":"https:\/\/www.absolventenakademie.at\/index.php\/ihr-nutzen\/","name":"Ihr Nutzen - ABSOLVENTENAKADEMIE","isPartOf":{"@id":"https:\/\/www.absolventenakademie.at\/#website"},"primaryImageOfPage":{"@id":"https:\/\/www.absolventenakademie.at\/index.php\/ihr-nutzen\/#primaryimage"},"image":{"@id":"https:\/\/www.absolventenakademie.at\/index.php\/ihr-nutzen\/#primaryimage"},"thumbnailUrl":"https:\/\/www.absolventenakademie.at\/wp-content\/uploads\/2015\/10\/iStock_000013732481_ExtraSmall-300x199.jpg","datePublished":"2015-10-05T10:51:25+00:00","dateModified":"2022-07-13T07:34:31+00:00","breadcrumb":{"@id":"https:\/\/www.absolventenakademie.at\/index.php\/ihr-nutzen\/#breadcrumb"},"inLanguage":"de","potentialAction":[{"@type":"ReadAction","target":["https:\/\/www.absolventenakademie.at\/index.php\/ihr-nutzen\/"]}]},{"@type":"ImageObject","inLanguage":"de","@id":"https:\/\/www.absolventenakademie.at\/index.php\/ihr-nutzen\/#primaryimage","url":"https:\/\/www.absolventenakademie.at\/wp-content\/uploads\/2015\/10\/iStock_000013732481_ExtraSmall.jpg","contentUrl":"https:\/\/www.absolventenakademie.at\/wp-content\/uploads\/2015\/10\/iStock_000013732481_ExtraSmall.jpg","width":425,"height":282},{"@type":"BreadcrumbList","@id":"https:\/\/www.absolventenakademie.at\/index.php\/ihr-nutzen\/#breadcrumb","itemListElement":[{"@type":"ListItem","position":1,"name":"Home","item":"https:\/\/www.absolventenakademie.at\/"},{"@type":"ListItem","position":2,"name":"Ihr Nutzen"}]},{"@type":"WebSite","@id":"https:\/\/www.absolventenakademie.at\/#website","url":"https:\/\/www.absolventenakademie.at\/","name":"ABSOLVENTENAKADEMIE","description":"Pers\u00f6nlichkeitsentwicklung f\u00fcr Studierende und Hochschulabsolventen","potentialAction":[{"@type":"SearchAction","target":{"@type":"EntryPoint","urlTemplate":"https:\/\/www.absolventenakademie.at\/?s={search_term_string}"},"query-input":{"@type":"PropertyValueSpecification","valueRequired":true,"valueName":"search_term_string"}}],"inLanguage":"de"}]}},"_links":{"self":[{"href":"https:\/\/www.absolventenakademie.at\/index.php\/wp-json\/wp\/v2\/pages\/5878","targetHints":{"allow":["GET"]}}],"collection":[{"href":"https:\/\/www.absolventenakademie.at\/index.php\/wp-json\/wp\/v2\/pages"}],"about":[{"href":"https:\/\/www.absolventenakademie.at\/index.php\/wp-json\/wp\/v2\/types\/page"}],"author":[{"embeddable":true,"href":"https:\/\/www.absolventenakademie.at\/index.php\/wp-json\/wp\/v2\/users\/9"}],"replies":[{"embeddable":true,"href":"https:\/\/www.absolventenakademie.at\/index.php\/wp-json\/wp\/v2\/comments?post=5878"}],"version-history":[{"count":5,"href":"https:\/\/www.absolventenakademie.at\/index.php\/wp-json\/wp\/v2\/pages\/5878\/revisions"}],"predecessor-version":[{"id":25385,"href":"https:\/\/www.absolventenakademie.at\/index.php\/wp-json\/wp\/v2\/pages\/5878\/revisions\/25385"}],"wp:attachment":[{"href":"https:\/\/www.absolventenakademie.at\/index.php\/wp-json\/wp\/v2\/media?parent=5878"}],"curies":[{"name":"wp","href":"https:\/\/api.w.org\/{rel}","templated":true}]}}