{"id":5889,"date":"2015-10-05T13:14:32","date_gmt":"2015-10-05T11:14:32","guid":{"rendered":"http:\/\/absolventenakademie.resonanz-marketing.com\/?page_id=5889"},"modified":"2017-04-08T12:16:33","modified_gmt":"2017-04-08T10:16:33","slug":"unsere-qualitaet","status":"publish","type":"page","link":"https:\/\/www.absolventenakademie.at\/index.php\/unsere-qualitaet\/","title":{"rendered":"Unsere Qualit\u00e4t"},"content":{"rendered":"<h3>Pers\u00f6nlichkeitsentwicklung statt Lebenslauf-Kosmetik<\/h3>\n<p><b>Karriere<\/b> hei\u00dft f\u00fcr Viele, die ber\u00fchmte Leiter hinaufzuklettern, f\u00fcr andere vielmehr <b>pers\u00f6nlicher Erfolg<\/b>. <b>Sicherheit<\/b> bedeutet f\u00fcr so Manchen beruflich eine Festanstellung, f\u00fcr jemand anderen aber <b>Entscheidungsst\u00e4rke in schwierigen Lebenssituationen<\/b>. Einige stellen sich unter <b>F\u00fchrung<\/b> eine Art der Personalleitung vor, wieder andere aber <b>Selbstverantwortlichkeit und Eigengestaltung<\/b> im Job!<\/p>\n<p>Was davon stimmt nun? &#8230;Richtig &#8211; es kommt auf Ihre Pers\u00f6nlichkeit an! Finden Sie mit der ABSOLVENTENAKADEMIE gemeinsam heraus, <b>wer<\/b> Sie sind, <b>was<\/b> und <b>wohin<\/b> Sie wollen und <b>wie<\/b> ihre ganz pers\u00f6nlichen Lebensherausforderungen zu meistern sind!<\/p>\n<p>Eine Bewerbung auf ein Stellenangebot hat nur Sinn, wenn dieser Job wirklich zu Ihnen passt und Sie ihn wollen. Eine Aus- oder Weiterbildung nur dann, wenn Sie mit Spa\u00df und Kompetenz bei der Sache sind. Und ein Ziel oder ein Plan dorthin nur dann, wenn es erreichbar und f\u00fcr Sie f\u00f6rderlich ist. F\u00fcr alles andere gilt: Machen Sie sich klar, was Sie alles nicht wollen und dann lassen Sie es sein!<\/p>\n<h3>Individualisierte Trainingskurse auf akademischem Niveau<\/h3>\n<p>Bei der ABSOLVENTENAKADEMIE erhalten Sie keine Trainingskurse als \u201eMassenprodukte\u201c f\u00fcr alle und jeden. Als lebenserfahrener Mensch und Pers\u00f6nlichkeit bringen Sie selbst Qualit\u00e4t mit. Wir sind die <strong>Experten\/innen f\u00fcr Hochschulabsolventen\/innen\u00a0<\/strong>und entdecken\u00a0gemeinsam Ihre bereits vorhandenen Kompetenzen neu und entwickeln diese weiter!<\/p>\n<p>Unsere <strong>Trainingskurse in kleinen Gruppen<\/strong> entsprechen den neuesten Standards in Didaktik und Methodik moderner Erwachsenenbildung. Die ABSOLVENTENAKADEMIE sieht sich <strong>wissenschaftlich-nachpr\u00fcfbarer Methodik<\/strong> verpflichtet. Esoterische Ideologien aus dem \u201eBauchladen der Spiritualit\u00e4t\u201c werden Sie bei uns nicht antreffen! <span style=\"font-size: 1em;\">Langatmige Vortr\u00e4ge oder Skripten mit Fu\u00dfnotensalat wie in so manchem Hochschulstudium gibt es bei uns ebenso wenig.<\/span><\/p>\n<p><span style=\"font-size: 1em;\">Nur das, was Sie in unseren \u00dcbungen aktiv erlebt, f\u00fcr sich ausprobiert und mit anderen gemeinsam reflektiert haben, werden Sie auch verinnerlichen und in Ihrem Leben umsetzen!<\/span><\/p>\n<h3><span style=\"font-size: 1em;\">Akademische Leitung und Training aus einem Guss<\/span><\/h3>\n<p>Bei der ABSOLVENTENAKADEMIE liegt die didaktische Konzeption und Weiterentwicklung aller Trainingskurse in der Hand der akademischen Leitung: <strong>Dr. iur. Dipl.-Jur. MMag. Ren\u00e9 Merten<\/strong> kann hierzu neben zahlreichen Fort- und Weiterbildungen u.a. die international anerkannte Personenzertifizierung als Fachtrainer vorweisen (\u00d6NORM DIN EN ISO 17024). Gem\u00e4\u00df der Akkreditierungsverordnung des Bundesministeriums f\u00fcr Wirtschaft, Familie und Jugend werden ihm die theoretischen Kompetenzen wie praktischen F\u00e4higkeiten, die er bereits aus langj\u00e4hriger F\u00fchrungs- und Beratungserfahrung gesammelt hat, darin auch formell bescheinigt. Ob als Fachautor zur Lebenssituation junger Hochschulabsolventen\/innen oder selbst als Trainer im Einsatz, steht f\u00fcr die akademische Leitung fest: Qualit\u00e4t ist das Gegenteil von Zufall!<\/p>\n<h3>Unsere Trainer\/innen sind selbst Hochschulabsolventen\/innen<\/h3>\n<p>Alle Trainer\/innen und Co-Trainer\/innen der ABSOLVENTENAKADEMIE verf\u00fcgen neben einer anerkannten didaktischen Ausbildung im Bereich Erwachsenenbildung (Trainer\/in f\u00fcr Erwachsenenbildung, p\u00e4dagogisch-andragogische Ausbildung, Lehramtsstudium, etc.) \u00fcber ein <strong>\u00fcberdurchschnittlich abgeschlossenes Hochschulstudium<\/strong> mindestens auf Master-, Magister- oder Diplom-Niveau. Neben hinreichender Trainings- und Unterrichtspraxis k\u00f6nnen alle eine <strong>langj\u00e4hrig-erfolgreiche Berufserfahrung<\/strong> aufweisen.<\/p>\n<p><span style=\"font-size: 1em;\">Wir legen besonderen Wert darauf, dass alle Trainer\/innen und Co-Trainer\/innen der ABSOLVENTENAKADEMIE Sie kompetent anleiten und motivieren. Deshalb findet nach jedem Trainingskurs eine Evaluation statt, die Ihr direktes Feedback aufnimmt und dieses weiterentwickelt.<\/span><\/p>\n","protected":false},"excerpt":{"rendered":"<p>Pers\u00f6nlichkeitsentwicklung statt Lebenslauf-Kosmetik Karriere hei\u00dft f\u00fcr Viele, die ber\u00fchmte Leiter hinaufzuklettern, f\u00fcr andere vielmehr pers\u00f6nlicher Erfolg. Sicherheit bedeutet f\u00fcr so Manchen beruflich eine Festanstellung, f\u00fcr jemand anderen aber Entscheidungsst\u00e4rke in schwierigen Lebenssituationen. Einige stellen sich unter F\u00fchrung eine Art der Personalleitung vor, wieder andere aber Selbstverantwortlichkeit und Eigengestaltung im Job! Was davon stimmt nun? &#8230;Richtig&#8230; <\/p>\n<div class=\"clear\"><\/div>\n<p><a href=\"https:\/\/www.absolventenakademie.at\/index.php\/unsere-qualitaet\/\" class=\"gdlr-button with-border excerpt-read-more\">Read More<\/a><\/p>\n","protected":false},"author":9,"featured_media":0,"parent":0,"menu_order":0,"comment_status":"closed","ping_status":"open","template":"","meta":{"footnotes":""},"class_list":["post-5889","page","type-page","status-publish","hentry"],"yoast_head":"<!-- This site is optimized with the Yoast SEO plugin v27.2 - https:\/\/yoast.com\/product\/yoast-seo-wordpress\/ -->\n<title>Unsere Qualit\u00e4t - ABSOLVENTENAKADEMIE<\/title>\n<meta name=\"robots\" content=\"index, follow, max-snippet:-1, max-image-preview:large, max-video-preview:-1\" \/>\n<link rel=\"canonical\" href=\"https:\/\/www.absolventenakademie.at\/index.php\/unsere-qualitaet\/\" \/>\n<meta property=\"og:locale\" content=\"de_DE\" \/>\n<meta property=\"og:type\" content=\"article\" \/>\n<meta property=\"og:title\" content=\"Unsere Qualit\u00e4t - ABSOLVENTENAKADEMIE\" \/>\n<meta property=\"og:description\" content=\"Pers\u00f6nlichkeitsentwicklung statt Lebenslauf-Kosmetik Karriere hei\u00dft f\u00fcr Viele, die ber\u00fchmte Leiter hinaufzuklettern, f\u00fcr andere vielmehr pers\u00f6nlicher Erfolg. Sicherheit bedeutet f\u00fcr so Manchen beruflich eine Festanstellung, f\u00fcr jemand anderen aber Entscheidungsst\u00e4rke in schwierigen Lebenssituationen. Einige stellen sich unter F\u00fchrung eine Art der Personalleitung vor, wieder andere aber Selbstverantwortlichkeit und Eigengestaltung im Job! Was davon stimmt nun? &#8230;Richtig... Read More\" \/>\n<meta property=\"og:url\" content=\"https:\/\/www.absolventenakademie.at\/index.php\/unsere-qualitaet\/\" \/>\n<meta property=\"og:site_name\" content=\"ABSOLVENTENAKADEMIE\" \/>\n<meta property=\"article:publisher\" content=\"https:\/\/www.facebook.com\/AbsolventenakademieWien\" \/>\n<meta property=\"article:modified_time\" content=\"2017-04-08T10:16:33+00:00\" \/>\n<meta name=\"twitter:card\" content=\"summary_large_image\" \/>\n<meta name=\"twitter:label1\" content=\"Gesch\u00e4tzte Lesezeit\" \/>\n\t<meta name=\"twitter:data1\" content=\"3\u00a0Minuten\" \/>\n<script type=\"application\/ld+json\" class=\"yoast-schema-graph\">{\"@context\":\"https:\/\/schema.org\",\"@graph\":[{\"@type\":\"WebPage\",\"@id\":\"https:\/\/www.absolventenakademie.at\/index.php\/unsere-qualitaet\/\",\"url\":\"https:\/\/www.absolventenakademie.at\/index.php\/unsere-qualitaet\/\",\"name\":\"Unsere Qualit\u00e4t - ABSOLVENTENAKADEMIE\",\"isPartOf\":{\"@id\":\"https:\/\/www.absolventenakademie.at\/#website\"},\"datePublished\":\"2015-10-05T11:14:32+00:00\",\"dateModified\":\"2017-04-08T10:16:33+00:00\",\"breadcrumb\":{\"@id\":\"https:\/\/www.absolventenakademie.at\/index.php\/unsere-qualitaet\/#breadcrumb\"},\"inLanguage\":\"de\",\"potentialAction\":[{\"@type\":\"ReadAction\",\"target\":[\"https:\/\/www.absolventenakademie.at\/index.php\/unsere-qualitaet\/\"]}]},{\"@type\":\"BreadcrumbList\",\"@id\":\"https:\/\/www.absolventenakademie.at\/index.php\/unsere-qualitaet\/#breadcrumb\",\"itemListElement\":[{\"@type\":\"ListItem\",\"position\":1,\"name\":\"Home\",\"item\":\"https:\/\/www.absolventenakademie.at\/\"},{\"@type\":\"ListItem\",\"position\":2,\"name\":\"Unsere Qualit\u00e4t\"}]},{\"@type\":\"WebSite\",\"@id\":\"https:\/\/www.absolventenakademie.at\/#website\",\"url\":\"https:\/\/www.absolventenakademie.at\/\",\"name\":\"ABSOLVENTENAKADEMIE\",\"description\":\"Pers\u00f6nlichkeitsentwicklung f\u00fcr Studierende und Hochschulabsolventen\",\"potentialAction\":[{\"@type\":\"SearchAction\",\"target\":{\"@type\":\"EntryPoint\",\"urlTemplate\":\"https:\/\/www.absolventenakademie.at\/?s={search_term_string}\"},\"query-input\":{\"@type\":\"PropertyValueSpecification\",\"valueRequired\":true,\"valueName\":\"search_term_string\"}}],\"inLanguage\":\"de\"}]}<\/script>\n<!-- \/ Yoast SEO plugin. -->","yoast_head_json":{"title":"Unsere Qualit\u00e4t - ABSOLVENTENAKADEMIE","robots":{"index":"index","follow":"follow","max-snippet":"max-snippet:-1","max-image-preview":"max-image-preview:large","max-video-preview":"max-video-preview:-1"},"canonical":"https:\/\/www.absolventenakademie.at\/index.php\/unsere-qualitaet\/","og_locale":"de_DE","og_type":"article","og_title":"Unsere Qualit\u00e4t - ABSOLVENTENAKADEMIE","og_description":"Pers\u00f6nlichkeitsentwicklung statt Lebenslauf-Kosmetik Karriere hei\u00dft f\u00fcr Viele, die ber\u00fchmte Leiter hinaufzuklettern, f\u00fcr andere vielmehr pers\u00f6nlicher Erfolg. Sicherheit bedeutet f\u00fcr so Manchen beruflich eine Festanstellung, f\u00fcr jemand anderen aber Entscheidungsst\u00e4rke in schwierigen Lebenssituationen. Einige stellen sich unter F\u00fchrung eine Art der Personalleitung vor, wieder andere aber Selbstverantwortlichkeit und Eigengestaltung im Job! Was davon stimmt nun? &#8230;Richtig... Read More","og_url":"https:\/\/www.absolventenakademie.at\/index.php\/unsere-qualitaet\/","og_site_name":"ABSOLVENTENAKADEMIE","article_publisher":"https:\/\/www.facebook.com\/AbsolventenakademieWien","article_modified_time":"2017-04-08T10:16:33+00:00","twitter_card":"summary_large_image","twitter_misc":{"Gesch\u00e4tzte Lesezeit":"3\u00a0Minuten"},"schema":{"@context":"https:\/\/schema.org","@graph":[{"@type":"WebPage","@id":"https:\/\/www.absolventenakademie.at\/index.php\/unsere-qualitaet\/","url":"https:\/\/www.absolventenakademie.at\/index.php\/unsere-qualitaet\/","name":"Unsere Qualit\u00e4t - ABSOLVENTENAKADEMIE","isPartOf":{"@id":"https:\/\/www.absolventenakademie.at\/#website"},"datePublished":"2015-10-05T11:14:32+00:00","dateModified":"2017-04-08T10:16:33+00:00","breadcrumb":{"@id":"https:\/\/www.absolventenakademie.at\/index.php\/unsere-qualitaet\/#breadcrumb"},"inLanguage":"de","potentialAction":[{"@type":"ReadAction","target":["https:\/\/www.absolventenakademie.at\/index.php\/unsere-qualitaet\/"]}]},{"@type":"BreadcrumbList","@id":"https:\/\/www.absolventenakademie.at\/index.php\/unsere-qualitaet\/#breadcrumb","itemListElement":[{"@type":"ListItem","position":1,"name":"Home","item":"https:\/\/www.absolventenakademie.at\/"},{"@type":"ListItem","position":2,"name":"Unsere Qualit\u00e4t"}]},{"@type":"WebSite","@id":"https:\/\/www.absolventenakademie.at\/#website","url":"https:\/\/www.absolventenakademie.at\/","name":"ABSOLVENTENAKADEMIE","description":"Pers\u00f6nlichkeitsentwicklung f\u00fcr Studierende und Hochschulabsolventen","potentialAction":[{"@type":"SearchAction","target":{"@type":"EntryPoint","urlTemplate":"https:\/\/www.absolventenakademie.at\/?s={search_term_string}"},"query-input":{"@type":"PropertyValueSpecification","valueRequired":true,"valueName":"search_term_string"}}],"inLanguage":"de"}]}},"_links":{"self":[{"href":"https:\/\/www.absolventenakademie.at\/index.php\/wp-json\/wp\/v2\/pages\/5889","targetHints":{"allow":["GET"]}}],"collection":[{"href":"https:\/\/www.absolventenakademie.at\/index.php\/wp-json\/wp\/v2\/pages"}],"about":[{"href":"https:\/\/www.absolventenakademie.at\/index.php\/wp-json\/wp\/v2\/types\/page"}],"author":[{"embeddable":true,"href":"https:\/\/www.absolventenakademie.at\/index.php\/wp-json\/wp\/v2\/users\/9"}],"replies":[{"embeddable":true,"href":"https:\/\/www.absolventenakademie.at\/index.php\/wp-json\/wp\/v2\/comments?post=5889"}],"version-history":[{"count":5,"href":"https:\/\/www.absolventenakademie.at\/index.php\/wp-json\/wp\/v2\/pages\/5889\/revisions"}],"predecessor-version":[{"id":6708,"href":"https:\/\/www.absolventenakademie.at\/index.php\/wp-json\/wp\/v2\/pages\/5889\/revisions\/6708"}],"wp:attachment":[{"href":"https:\/\/www.absolventenakademie.at\/index.php\/wp-json\/wp\/v2\/media?parent=5889"}],"curies":[{"name":"wp","href":"https:\/\/api.w.org\/{rel}","templated":true}]}}